{"id":20,"date":"2019-09-05T17:38:10","date_gmt":"2019-09-05T15:38:10","guid":{"rendered":"https:\/\/wzps.poznan.pl\/ws\/?page_id=20"},"modified":"2026-04-16T17:03:42","modified_gmt":"2026-04-16T15:03:42","slug":"do-pobrania","status":"publish","type":"page","link":"https:\/\/wzps.poznan.pl\/ws\/do-pobrania\/","title":{"rendered":"Do pobrania"},"content":{"rendered":"\n<h3 class=\"wp-block-heading has-text-align-center\"><strong>KOMUNIKATY<\/strong><\/h3>\n\n\n\n<p class=\"has-text-align-center\"><span style=\"color: #000000;\"><b>Kadencja 2024-2028<\/b><\/span><br><a href=\"https:\/\/wzps.poznan.pl\/ws\/wp-content\/uploads\/2026\/04\/Komunikat-1-2026.pdf\" target=\"_blank\" rel=\"noreferrer noopener\">Komunikat WS WZPS nr 1\/2026<\/a><br><a href=\"https:\/\/wzps.poznan.pl\/ws\/wp-content\/uploads\/2025\/11\/Komunikat-4-2025.pdf\" target=\"_blank\" rel=\"noreferrer noopener\">Komunikat WS WZPS nr 4\/2025<\/a><br><a href=\"https:\/\/wzps.poznan.pl\/ws\/wp-content\/uploads\/2025\/07\/Komunikat-3-2025.pdf\" target=\"_blank\" rel=\"noreferrer noopener\">Komunikat WS WZPS nr 3\/2025<\/a><br><a href=\"https:\/\/wzps.poznan.pl\/ws\/wp-content\/uploads\/2025\/07\/Komunikat-2-2025.pdf\" target=\"_blank\" rel=\"noreferrer noopener\">Komunikat WS WZPS nr 2\/2025<\/a><br><a href=\"https:\/\/wzps.poznan.pl\/ws\/wp-content\/uploads\/2025\/03\/Komunikat-1-2025.pdf\" target=\"_blank\" rel=\"noreferrer noopener\">Komunikat WS WZPS nr 1\/2025<\/a><br><a href=\"https:\/\/wzps.poznan.pl\/ws\/wp-content\/uploads\/2024\/09\/Komunikat-2-2024.pdf\" target=\"_blank\" rel=\"noreferrer noopener\">Komunikat WS WZPS nr 2\/2024<\/a><br><a href=\"https:\/\/wzps.poznan.pl\/ws\/wp-content\/uploads\/2024\/06\/Komunikat-1-2024.pdf\" target=\"_blank\" rel=\"noreferrer noopener\">Komunikat WS WZPS nr 1\/2024<\/a><\/p>\n\n\n\n<h3 class=\"wp-block-heading has-text-align-center\"><strong>MATERIA\u0141Y INFORMACYJNE<\/strong><\/h3>\n\n\n\n<p class=\"has-text-align-center\"><a href=\"https:\/\/wzps.poznan.pl\/wp-content\/uploads\/2025\/06\/KO_WZPS_2025-2026.pdf\" target=\"_blank\" rel=\"noreferrer noopener nofollow\">Komunikat organizacyjny WZPS 2025\/2026<\/a><br><a href=\"https:\/\/wzps.poznan.pl\/wp-content\/uploads\/2025\/06\/PSO_WZPS_2025-2026.pdf\" target=\"_blank\" rel=\"noreferrer noopener nofollow\">Przepisy Sportowo-Organizacyjne WZPS 2025\/2026<\/a><br><a href=\"https:\/\/wzps.poznan.pl\/ws\/wp-content\/uploads\/2025\/07\/Stawki-sedziowskie-2025-2026.pdf\" target=\"_blank\" rel=\"noreferrer noopener nofollow\">Stawki s\u0119dziowskie 2025\/2026<\/a><br><a aria-label=\"Kartki na ustawienie (otwiera si\u0119 na nowej zak\u0142adce)\" href=\"https:\/\/wzps.poznan.pl\/ws\/wp-content\/uploads\/2019\/09\/Kartki_na_ustawienie.pdf\" target=\"_blank\" rel=\"noreferrer noopener\">Kartki na ustawienie<\/a><br><a href=\"https:\/\/wzps.poznan.pl\/ws\/wp-content\/uploads\/2021\/03\/nominacja_2021.docx\">Nominacja s\u0119dziowska &#8211; druk na zawody amatorskie<\/a><\/p>\n\n\n\n<h3 class=\"wp-block-heading has-text-align-center\"><strong>MATERIA\u0141Y SZKOLENIOWE<\/strong><\/h3>\n\n\n\n<p class=\"has-text-align-center\"><a href=\"https:\/\/1drv.ms\/p\/c\/4944ffd8a9e2bd9f\/EWszA6qFtF9Ktz3z7SqOYBQBjOGKzC6w2tw9Z-MMX6vxTA?e=2yOLtA\" target=\"_blank\" rel=\"noreferrer noopener nofollow\">Prezentacja &#8211; zmiany w przepisach gry<\/a> 2025<br><a href=\"https:\/\/1drv.ms\/p\/c\/4944ffd8a9e2bd9f\/EcgcbaxUToNNkZKB-jBIXxkBUnRT1HrhoeJrLstDdwED0A?e=7834aa\" target=\"_blank\" rel=\"noreferrer noopener nofollow\">Prezentacja &#8211; zmiany w instrukcji i wytycznych s\u0119dziowania 2025<\/a><br><a href=\"https:\/\/1drv.ms\/p\/c\/4944ffd8a9e2bd9f\/Ea8yD1mTH4hMoJQNQnwQ_v0BAOAdjS8MU6uA92hmhCQemQ?e=DtzyAC\" target=\"_blank\" rel=\"noreferrer noopener nofollow\">Prezentacja &#8211; zmiany w ksi\u0119dze przypadk\u00f3w 2025<\/a><br><br><a href=\"https:\/\/wzps.poznan.pl\/ws\/wp-content\/uploads\/2025\/07\/Przepisy-Gry-2025-2028.pdf\" target=\"_blank\" rel=\"noreferrer noopener\">Przepisy gry 2025-2028<\/a><br><a href=\"https:\/\/wzps.poznan.pl\/ws\/wp-content\/uploads\/2025\/09\/Wytyczne-i-instrukcje-sedziowania-2025.pdf\" target=\"_blank\" rel=\"noreferrer noopener\">Wytyczne i instrukcje s\u0119dziowania 2025<\/a><br><a href=\"https:\/\/wzps.poznan.pl\/ws\/wp-content\/uploads\/2025\/07\/Ksiega-Przypadkow-2025.pdf\" target=\"_blank\" rel=\"noreferrer noopener nofollow\">Ksi\u0119ga przypadk\u00f3w 2025<\/a><br><a href=\"https:\/\/wzps.poznan.pl\/ws\/wp-content\/uploads\/2024\/09\/VS-Score.pdf\" target=\"_blank\" rel=\"noreferrer noopener\">Prezentacja VolleyStation Score<\/a><\/p>\n\n\n\n<h3 class=\"wp-block-heading has-text-align-center\"><strong>REGULAMINY<\/strong><\/h3>\n\n\n\n<p class=\"has-text-align-center\"><a href=\"https:\/\/wzps.poznan.pl\/ws\/wp-content\/uploads\/2025\/07\/Regulamin-sedziego-WZPS.pdf\" target=\"_blank\" rel=\"noreferrer noopener nofollow\">Regulamin s\u0119dziego siatk\u00f3wki halowej i pla\u017cowej WZPS<\/a><br><a aria-label=\"Regulamin Wydzia\u0142u S\u0119dziowskiego WZPS (otwiera si\u0119 na nowej zak\u0142adce)\" href=\"https:\/\/wzps.poznan.pl\/ws\/wp-content\/uploads\/2019\/09\/Regulamin_WS_WZPS.pdf\" target=\"_blank\" rel=\"noreferrer noopener\">Regulamin Wydzia\u0142u S\u0119dziowskiego WZPS<\/a><br><a aria-label=\"Regulamin S\u0119dziego Honorowego WZPS (otwiera si\u0119 na nowej zak\u0142adce)\" href=\"https:\/\/wzps.poznan.pl\/ws\/wp-content\/uploads\/2019\/09\/Regulamin_sedziego_honorowego_WS_WZPS.pdf\" target=\"_blank\" rel=\"noreferrer noopener\">Regulamin S\u0119dziego Honorowego WZPS<\/a><\/p>\n\n\n\n<hr class=\"wp-block-separator has-alpha-channel-opacity\"\/>\n\n\n\n<p class=\"has-text-align-center\"><span style=\"color: #000000;\"><b>Kadencja 2020-2024<br><\/b><\/span><a href=\"https:\/\/wzps.poznan.pl\/ws\/wp-content\/uploads\/2023\/06\/Komunikat-WS-nr-2-2023.pdf\" target=\"_blank\" rel=\"noreferrer noopener\">Komunikat WS WZPS nr 2\/2023<\/a><br><a href=\"https:\/\/wzps.poznan.pl\/ws\/wp-content\/uploads\/2023\/04\/Komunikat-WS-nr-1-2023.pdf\" target=\"_blank\" rel=\"noreferrer noopener\">Komunikat WS WZPS nr 1\/2023<\/a><br><a href=\"https:\/\/wzps.poznan.pl\/ws\/wp-content\/uploads\/2022\/08\/Komunikat-WS-nr-2-2022.pdf\" target=\"_blank\" rel=\"noreferrer noopener\">Komunikat WS WZPS nr 2\/2022<\/a> <br><a href=\"https:\/\/wzps.poznan.pl\/ws\/wp-content\/uploads\/2022\/03\/Komunikat-WS-nr-1-2022.pdf\" target=\"_blank\" rel=\"noreferrer noopener\">Komunikat WS WZPS nr 1\/2022<\/a> <br><a href=\"https:\/\/wzps.poznan.pl\/ws\/wp-content\/uploads\/2021\/06\/Komunikat-WS-nr-2-2021.pdf\" target=\"_blank\" rel=\"noreferrer noopener\">Komunikat WS WZPS nr 2\/2021<\/a><br><a href=\"https:\/\/wzps.poznan.pl\/ws\/wp-content\/uploads\/2021\/02\/Komunikat-WS-nr-1-2021.pdf\" target=\"_blank\" rel=\"noreferrer noopener\">Komunikat WS WZPS nr 1\/2021<\/a><br><a href=\"https:\/\/wzps.poznan.pl\/ws\/wp-content\/uploads\/2020\/11\/Komunikat-WS-nr-5-2020.pdf\" target=\"_blank\" rel=\"noreferrer noopener\">Komunikat WS WZPS nr 5\/2020<\/a><br><a href=\"https:\/\/wzps.poznan.pl\/ws\/wp-content\/uploads\/2020\/09\/Komunikat_WS_2020_4.pdf\" target=\"_blank\" rel=\"noreferrer noopener\">Komunikat WS WZPS nr 4\/2020<\/a><br><a href=\"https:\/\/wzps.poznan.pl\/ws\/wp-content\/uploads\/2020\/09\/Kominikat-WS-WZPS-nr-3-2020.pdf\" target=\"_blank\" rel=\"noreferrer noopener\">Komunikat WS WZPS nr 3\/2020<\/a><\/p>\n\n\n\n<hr class=\"wp-block-separator has-css-opacity\"\/>\n\n\n\n<p><\/p>\n\n\n\n<p class=\"has-text-align-center\"><span style=\"color: #000000;\"><b>Kadencja 2016-2020<\/b><\/span><br><a href=\"https:\/\/wzps.poznan.pl\/ws\/wp-content\/uploads\/2020\/08\/komunikat_WS_2020_2.pdf\" target=\"_blank\" rel=\"noreferrer noopener\">Komunikat WS WZPS nr 2\/2020<\/a><br><a href=\"https:\/\/wzps.poznan.pl\/ws\/wp-content\/uploads\/2020\/06\/komunikat1-2020.pdf\" target=\"_blank\" rel=\"noreferrer noopener\">Komunikat WS WZPS nr 1\/20<\/a>20<br><a href=\"https:\/\/wzps.poznan.pl\/ws\/wp-content\/uploads\/2019\/10\/ZEBRANIE-WS-14.09.2019-2.pdf\" target=\"_blank\" rel=\"noreferrer noopener\" aria-label=\" (otwiera si\u0119 na nowej zak\u0142adce)\">Komunikat WS WZPS nr 2\/2019<\/a><br><a href=\"https:\/\/wzps.poznan.pl\/ws\/wp-content\/uploads\/2019\/09\/komunikat_WS_2019_1.pdf\" target=\"_blank\" rel=\"noreferrer noopener\" aria-label=\"Komunikat WS WZPS nr 1\/2019 (otwiera si\u0119 na nowej zak\u0142adce)\">Komunikat WS WZPS nr 1\/2019<\/a><br><a href=\"https:\/\/wzps.poznan.pl\/ws\/wp-content\/uploads\/2019\/09\/komunikat_WS_2018_2.pdf\" target=\"_blank\" rel=\"noreferrer noopener\" aria-label=\" (otwiera si\u0119 na nowej zak\u0142adce)\">Komunikat WS WZPS nr 2\/2018<\/a><br><a href=\"https:\/\/wzps.poznan.pl\/ws\/wp-content\/uploads\/2019\/09\/komunikat_WS_2018_1.pdf\" target=\"_blank\" rel=\"noreferrer noopener\" aria-label=\" (otwiera si\u0119 na nowej zak\u0142adce)\">Komunikat WS WZPS nr 1\/2018<\/a><br><a href=\"https:\/\/wzps.poznan.pl\/ws\/wp-content\/uploads\/2019\/09\/komunikat_WS_2017_1.pdf\" target=\"_blank\" rel=\"noreferrer noopener\" aria-label=\" (otwiera si\u0119 na nowej zak\u0142adce)\">Komunikat WS WZPS nr 1\/2017<\/a><br><a href=\"https:\/\/wzps.poznan.pl\/ws\/wp-content\/uploads\/2019\/09\/komunikat_WS_2016_3.pdf\" target=\"_blank\" rel=\"noreferrer noopener\" aria-label=\" (otwiera si\u0119 na nowej zak\u0142adce)\">Komunikat WS WZPS nr 3\/2016<\/a><br><a href=\"https:\/\/wzps.poznan.pl\/ws\/wp-content\/uploads\/2019\/09\/komunikat_WS_2016_2.pdf\" target=\"_blank\" rel=\"noreferrer noopener\" aria-label=\" (otwiera si\u0119 na nowej zak\u0142adce)\">Komunikat WS WZPS nr 2\/2016<\/a><br><a href=\"https:\/\/wzps.poznan.pl\/ws\/wp-content\/uploads\/2019\/09\/komunikat_WS_2016_1.pdf\" target=\"_blank\" rel=\"noreferrer noopener\" aria-label=\" (otwiera si\u0119 na nowej zak\u0142adce)\">Komunikat WS WZPS nr 1\/2016<\/a><br><a href=\"https:\/\/wzps.poznan.pl\/ws\/wp-content\/uploads\/2019\/09\/komunikat_WS_2015_3.pdf\" target=\"_blank\" rel=\"noreferrer noopener\" aria-label=\" (otwiera si\u0119 na nowej zak\u0142adce)\">Komunikat WS WZPS nr 3\/2015<\/a><br><a href=\"https:\/\/wzps.poznan.pl\/ws\/wp-content\/uploads\/2019\/09\/komunikat_WS_2015_2.pdf\" target=\"_blank\" rel=\"noreferrer noopener\" aria-label=\" (otwiera si\u0119 na nowej zak\u0142adce)\">Komunikat WS WZPS nr 2\/2015<\/a><br><a href=\"https:\/\/wzps.poznan.pl\/ws\/wp-content\/uploads\/2019\/09\/komunikat_WS_2015_1.pdf\" target=\"_blank\" rel=\"noreferrer noopener\" aria-label=\" (otwiera si\u0119 na nowej zak\u0142adce)\">Komunikat WS WZPS nr 1\/2015<\/a><\/p>\n\n\n\n<h3 class=\"wp-block-heading has-text-align-center\"><\/h3>\n","protected":false},"excerpt":{"rendered":"<p>KOMUNIKATY Kadencja 2024-2028Komunikat WS WZPS nr 1\/2026Komunikat WS WZPS nr 4\/2025Komunikat WS WZPS nr 3\/2025Komunikat WS WZPS nr 2\/2025Komunikat WS WZPS nr 1\/2025Komunikat WS WZPS&hellip;<\/p>\n","protected":false},"author":1,"featured_media":0,"parent":0,"menu_order":0,"comment_status":"closed","ping_status":"closed","template":"","meta":{"footnotes":""},"class_list":["post-20","page","type-page","status-publish","hentry"],"_links":{"self":[{"href":"https:\/\/wzps.poznan.pl\/ws\/wp-json\/wp\/v2\/pages\/20","targetHints":{"allow":["GET"]}}],"collection":[{"href":"https:\/\/wzps.poznan.pl\/ws\/wp-json\/wp\/v2\/pages"}],"about":[{"href":"https:\/\/wzps.poznan.pl\/ws\/wp-json\/wp\/v2\/types\/page"}],"author":[{"embeddable":true,"href":"https:\/\/wzps.poznan.pl\/ws\/wp-json\/wp\/v2\/users\/1"}],"replies":[{"embeddable":true,"href":"https:\/\/wzps.poznan.pl\/ws\/wp-json\/wp\/v2\/comments?post=20"}],"version-history":[{"count":78,"href":"https:\/\/wzps.poznan.pl\/ws\/wp-json\/wp\/v2\/pages\/20\/revisions"}],"predecessor-version":[{"id":513,"href":"https:\/\/wzps.poznan.pl\/ws\/wp-json\/wp\/v2\/pages\/20\/revisions\/513"}],"wp:attachment":[{"href":"https:\/\/wzps.poznan.pl\/ws\/wp-json\/wp\/v2\/media?parent=20"}],"curies":[{"name":"wp","href":"https:\/\/api.w.org\/{rel}","templated":true}]}}