{"id":216,"date":"2020-09-07T11:04:45","date_gmt":"2020-09-07T09:04:45","guid":{"rendered":"https:\/\/wzps.poznan.pl\/ws\/?page_id=216"},"modified":"2020-09-07T11:51:32","modified_gmt":"2020-09-07T09:51:32","slug":"kontakt","status":"publish","type":"page","link":"https:\/\/wzps.poznan.pl\/ws\/kontakt\/","title":{"rendered":"Kontakt"},"content":{"rendered":"\n<p>E-mail do Wydzia\u0142u S\u0119dziowskiego:&nbsp;<a href=\"mailto:ws@wzps.poznan.pl\"><strong>ws@wzps.poznan.p<\/strong>l<\/a><br>E-mail w sprawie obsad s\u0119dziowskich:&nbsp;<a href=\"mailto:obsady@wzps.poznan.pl\"><strong>obsady@wzps.poznan.pl<\/strong><\/a><\/p>\n\n\n\n<p><strong>Biuro WZPS<\/strong><br>Wielkopolski Zwi\u0105zek Pi\u0142ki Siatkowej<br>ul. Staro\u0142\u0119cka 36<br>61-361 Pozna\u0144<br>I pi\u0119tro pok\u00f3j 106<\/p>\n\n\n\n<p>tel.kom. 698-221-390 (biuro WZPS)<br>e-mail:&nbsp;<a href=\"mailto:biuro@wzps.poznan.pl\">biuro@wzps.poznan.pl<\/a><\/p>\n\n\n\n<p>Zach\u0119camy r\u00f3wnie\u017c do skorzystania z formularza poni\u017cej<\/p>\n\n\n\r\n<style type=\"text\/css\">\r\n\r\n\r\n\r\n\r\n\r\n\r\n\r\n\r\n\r\n\tbody #wpforms-215 .wpforms-form .wpforms-field input[type=text],\r\n\tbody #wpforms-215 .wpforms-form .wpforms-field input[type=email],\r\n\tbody #wpforms-215 .wpforms-form .wpforms-field input[type=tel],\r\n\tbody #wpforms-215 .wpforms-form .wpforms-field input[type=url],\r\n\tbody #wpforms-215 .wpforms-form .wpforms-field input[type=password],\r\n\tbody #wpforms-215 .wpforms-form .wpforms-field input[type=number]\r\n\t{\r\n\t\twidth:60% ;\t\tmax-width:100% ;border-width: 1px;\t}\r\n\r\n\tbody #wpforms-215 .wpforms-form .wpforms-field .wpforms-field-row\r\n\t{\r\n\t\twidth:60%; max-width:100%; \t}\r\n\r\n\tbody #wpforms-215 .wpforms-form .wpforms-field-layout.wpforms-field input[type=text],\r\n\tbody #wpforms-215 .wpforms-form .wpforms-field-layout.wpforms-field input[type=email],\r\n\tbody #wpforms-215 .wpforms-form .wpforms-field-layout.wpforms-field input[type=tel],\r\n\tbody #wpforms-215 .wpforms-form .wpforms-field-layout.wpforms-field input[type=url],\r\n\tbody #wpforms-215 .wpforms-form .wpforms-field-layout.wpforms-field input[type=password],\r\n\tbody #wpforms-215 .wpforms-form .wpforms-field-layout.wpforms-field input[type=number]{\r\n\t\twidth: 100%;\r\n\t}\r\n\r\n\tbody #wpforms-215 .wpforms-form .wpforms-field .wpforms-field-row input[type=text]{\r\n\t\twidth: 100%;\r\n\t}\r\n\r\n\r\n\r\n\r\n\r\n\tbody #wpforms-215 .wpforms-form .wpforms-field textarea {\r\n\t\twidth:60% ;\t\t\tborder-width: 1px;\t}\r\n\r\n\r\n\r\n \r\n\tbody #wpforms-215 .wpforms-form .wpforms-field label.wpforms-field-label,\r\n\tbody #wpforms-215 .wpforms-form .wpforms-field .wpforms-field-label {\r\n\t\tfont-weight: bold;\t}\r\n\r\n\r\n\/* Styling for Tablets *\/\r\n@media only screen and (max-width: 800px) and (min-width:481px) {\r\n\t\r\n\r\n\r\n\r\n}\r\n\r\n@media only screen and (max-width: 480px){\r\n\t\r\n\r\n\r\n\r\n}\r\n\/*Option to add custom CSS *\/\r\n\r\n\r\n\r\n\t\t<\/style>\r\n\t\t<div class=\"wpforms-container wpforms-container-full wpforms-block\" id=\"wpforms-215\"><form id=\"wpforms-form-215\" class=\"wpforms-validate wpforms-form\" data-formid=\"215\" method=\"post\" enctype=\"multipart\/form-data\" action=\"\/ws\/wp-json\/wp\/v2\/pages\/216\" data-token=\"bec9f13dd8bc42fa13530d5c9b3362a4\" data-token-time=\"1778001961\"><noscript class=\"wpforms-error-noscript\">Aby wype\u0142ni\u0107 ten formularz, w\u0142\u0105cz obs\u0142ug\u0119 JavaScript w przegl\u0105darce.<\/noscript><div class=\"wpforms-field-container\"><div id=\"wpforms-215-field_3-container\" class=\"wpforms-field wpforms-field-select wpforms-field-select-style-classic\" data-field-id=\"3\"><label class=\"wpforms-field-label\" for=\"wpforms-215-field_3\">Wybierz adresata wiadomo\u015bci <span class=\"wpforms-required-label\">*<\/span><\/label><select id=\"wpforms-215-field_3\" class=\"wpforms-field-medium wpforms-field-required\" name=\"wpforms[fields][3]\" required=\"required\"><option value=\"Wydzia\u0142 S\u0119dziowski\"  class=\"choice-5 depth-1\"  >Wydzia\u0142 S\u0119dziowski<\/option><option value=\"Przewodnicz\u0105cy\"  class=\"choice-6 depth-1\"  >Przewodnicz\u0105cy<\/option><option value=\"Komisja Szkolenia\"  class=\"choice-1 depth-1\"  >Komisja Szkolenia<\/option><option value=\"Komisja Obsad\"  class=\"choice-2 depth-1\"  >Komisja Obsad<\/option><option value=\"Komisja Organizacyjna\"  class=\"choice-3 depth-1\"  >Komisja Organizacyjna<\/option><\/select><\/div><div id=\"wpforms-215-field_2-container\" class=\"wpforms-field wpforms-field-textarea\" data-field-id=\"2\"><label class=\"wpforms-field-label\" for=\"wpforms-215-field_2\">Tre\u015b\u0107 wiadomo\u015bci <span class=\"wpforms-required-label\">*<\/span><\/label><textarea id=\"wpforms-215-field_2\" class=\"wpforms-field-medium wpforms-field-required\" name=\"wpforms[fields][2]\" required><\/textarea><\/div><div id=\"wpforms-215-field_0-container\" class=\"wpforms-field wpforms-field-name\" data-field-id=\"0\"><label class=\"wpforms-field-label\" for=\"wpforms-215-field_0\">Imi\u0119 i nazwisko<\/label><input type=\"text\" id=\"wpforms-215-field_0\" class=\"wpforms-field-medium\" name=\"wpforms[fields][0]\" ><\/div><div id=\"wpforms-215-field_1-container\" class=\"wpforms-field wpforms-field-email\" data-field-id=\"1\"><label class=\"wpforms-field-label\" for=\"wpforms-215-field_1\">Email<\/label><input type=\"email\" id=\"wpforms-215-field_1\" class=\"wpforms-field-medium\" name=\"wpforms[fields][1]\" spellcheck=\"false\" ><\/div><\/div><!-- .wpforms-field-container --><div class=\"wpforms-submit-container\" ><input type=\"hidden\" name=\"wpforms[id]\" value=\"215\"><input type=\"hidden\" name=\"page_title\" value=\"\"><input type=\"hidden\" name=\"page_url\" value=\"https:\/\/wzps.poznan.pl\/ws\/wp-json\/wp\/v2\/pages\/216\"><input type=\"hidden\" name=\"url_referer\" value=\"\"><button type=\"submit\" name=\"wpforms[submit]\" id=\"wpforms-submit-215\" class=\"wpforms-submit\" data-alt-text=\"Przetwarzanie...\" data-submit-text=\"Wy\u015blij\" aria-live=\"assertive\" value=\"wpforms-submit\">Wy\u015blij<\/button><\/div><\/form><\/div>  <!-- .wpforms-container -->\n\n\n<p>Podanie danych kontaktowych jak e-mail czy imi\u0119 i nazwisko nie jest obowi\u0105zkowe. W przypadku ich podania b\u0119d\u0105 one przetwarzane przez Wydzia\u0142 S\u0119dziowski Wielkopolskiego Zwi\u0105zku Pi\u0142ki Siatkowej wy\u0142\u0105cznie do cel\u00f3w obs\u0142ugi zapytania.<\/p>\n","protected":false},"excerpt":{"rendered":"<p>E-mail do Wydzia\u0142u S\u0119dziowskiego:&nbsp;ws@wzps.poznan.plE-mail w sprawie obsad s\u0119dziowskich:&nbsp;obsady@wzps.poznan.pl Biuro WZPSWielkopolski Zwi\u0105zek Pi\u0142ki Siatkowejul. Staro\u0142\u0119cka 3661-361 Pozna\u0144I pi\u0119tro pok\u00f3j 106 tel.kom. 698-221-390 (biuro WZPS)e-mail:&nbsp;biuro@wzps.poznan.pl Zach\u0119camy r\u00f3wnie\u017c&hellip;<\/p>\n","protected":false},"author":68,"featured_media":0,"parent":0,"menu_order":0,"comment_status":"closed","ping_status":"closed","template":"","meta":{"footnotes":""},"class_list":["post-216","page","type-page","status-publish","hentry"],"_links":{"self":[{"href":"https:\/\/wzps.poznan.pl\/ws\/wp-json\/wp\/v2\/pages\/216","targetHints":{"allow":["GET"]}}],"collection":[{"href":"https:\/\/wzps.poznan.pl\/ws\/wp-json\/wp\/v2\/pages"}],"about":[{"href":"https:\/\/wzps.poznan.pl\/ws\/wp-json\/wp\/v2\/types\/page"}],"author":[{"embeddable":true,"href":"https:\/\/wzps.poznan.pl\/ws\/wp-json\/wp\/v2\/users\/68"}],"replies":[{"embeddable":true,"href":"https:\/\/wzps.poznan.pl\/ws\/wp-json\/wp\/v2\/comments?post=216"}],"version-history":[{"count":4,"href":"https:\/\/wzps.poznan.pl\/ws\/wp-json\/wp\/v2\/pages\/216\/revisions"}],"predecessor-version":[{"id":222,"href":"https:\/\/wzps.poznan.pl\/ws\/wp-json\/wp\/v2\/pages\/216\/revisions\/222"}],"wp:attachment":[{"href":"https:\/\/wzps.poznan.pl\/ws\/wp-json\/wp\/v2\/media?parent=216"}],"curies":[{"name":"wp","href":"https:\/\/api.w.org\/{rel}","templated":true}]}}