{"id":22,"date":"2019-09-05T17:38:28","date_gmt":"2019-09-05T15:38:28","guid":{"rendered":"https:\/\/wzps.poznan.pl\/ws\/?page_id=22"},"modified":"2024-06-27T14:26:50","modified_gmt":"2024-06-27T12:26:50","slug":"struktura","status":"publish","type":"page","link":"https:\/\/wzps.poznan.pl\/ws\/struktura\/","title":{"rendered":"Struktura WS WZPS kadencji 2024-2028"},"content":{"rendered":"\n<p>\u0141ukasz Mischke &#8211; przewodnicz\u0105cy WS<br>Mateusz Bro\u0144ski &#8211; zast\u0119pca przewodnicz\u0105cego WS<br><br>Pawe\u0142 Morawski &#8211; przewodnicz\u0105cy Komisji Szkolenia<br>Karolina Matuszak &#8211; cz\u0142onek Komisji Szkolenia<br>Bartosz \u015awist &#8211; cz\u0142onek Komisji Szkolenia<br><br>Piotr Pankowski &#8211; przewodnicz\u0105cy Komisji Obsad<br>\u0141ukasz \u017bebrowski &#8211; cz\u0142onek Komisji Obsad<br>Sylwester \u017berdzi\u0144ski &#8211; cz\u0142onek Komisji Obsad<br><br>Arleta \u017berdzi\u0144ska &#8211; przewodnicz\u0105cy Komisji Organizacyjnej<br>Mariusz Fr\u0105ckowiak &#8211; cz\u0142onek Komisji Organizacyjnej<br>Dominik Janik &#8211; cz\u0142onek Komisji Organizacyjnej<\/p>\n","protected":false},"excerpt":{"rendered":"<p>\u0141ukasz Mischke &#8211; przewodnicz\u0105cy WSMateusz Bro\u0144ski &#8211; zast\u0119pca przewodnicz\u0105cego WS Pawe\u0142 Morawski &#8211; przewodnicz\u0105cy Komisji SzkoleniaKarolina Matuszak &#8211; cz\u0142onek Komisji SzkoleniaBartosz \u015awist &#8211; cz\u0142onek Komisji&hellip;<\/p>\n","protected":false},"author":1,"featured_media":0,"parent":0,"menu_order":0,"comment_status":"closed","ping_status":"closed","template":"","meta":{"footnotes":""},"class_list":["post-22","page","type-page","status-publish","hentry"],"_links":{"self":[{"href":"https:\/\/wzps.poznan.pl\/ws\/wp-json\/wp\/v2\/pages\/22","targetHints":{"allow":["GET"]}}],"collection":[{"href":"https:\/\/wzps.poznan.pl\/ws\/wp-json\/wp\/v2\/pages"}],"about":[{"href":"https:\/\/wzps.poznan.pl\/ws\/wp-json\/wp\/v2\/types\/page"}],"author":[{"embeddable":true,"href":"https:\/\/wzps.poznan.pl\/ws\/wp-json\/wp\/v2\/users\/1"}],"replies":[{"embeddable":true,"href":"https:\/\/wzps.poznan.pl\/ws\/wp-json\/wp\/v2\/comments?post=22"}],"version-history":[{"count":5,"href":"https:\/\/wzps.poznan.pl\/ws\/wp-json\/wp\/v2\/pages\/22\/revisions"}],"predecessor-version":[{"id":456,"href":"https:\/\/wzps.poznan.pl\/ws\/wp-json\/wp\/v2\/pages\/22\/revisions\/456"}],"wp:attachment":[{"href":"https:\/\/wzps.poznan.pl\/ws\/wp-json\/wp\/v2\/media?parent=22"}],"curies":[{"name":"wp","href":"https:\/\/api.w.org\/{rel}","templated":true}]}}